{"id":22938,"date":"2020-11-09T14:44:59","date_gmt":"2020-11-09T19:44:59","guid":{"rendered":"https:\/\/samuelfourrures.com\/produit\/wool-coat-with-detachable-nylon-lining\/"},"modified":"2024-04-06T01:26:09","modified_gmt":"2024-04-06T05:26:09","slug":"wool-coat-with-detachable-nylon-lining","status":"publish","type":"product","link":"https:\/\/samuelfourrures.com\/en\/produit\/wool-coat-with-detachable-nylon-lining\/","title":{"rendered":"Wool coat with detachable nylon lining"},"content":{"rendered":"<p>          <span data-sheets-value=\"{\"1\":2,\"2\":\"La gamme de manteaux Cinzia Rocca est cr\u00e9e en Italie pour la femme authentique qui ne fait pas de compromis entre l'\u00e9l\u00e9gance et le pratique. C'est un luxe pour nous de vous offrir la prestigieuse collection Cinzia Rocca. - Manteau de laine Cinzia Rocca et doublure de nylon d\u00e9tachable. Cet item est disponible en noir\"}\" data-sheets-userformat=\"{\"2\":771,\"3\":{\"1\":0},\"4\":{\"1\":2,\"2\":14275305},\"11\":4,\"12\":0}\">The Cinzia Rocca range of coats is designed in Italy for the authentic woman who doesn&#8217;t compromise between elegance and practicality. It&#8217;s a luxury for us to offer you the prestigious Cinzia Rocca collection. &#8211; Cinzia Rocca wool coat with detachable nylon lining. This item is available in black<\/span><\/p>\n","protected":false},"excerpt":{"rendered":"<p>          <span data-sheets-value=\"{\"1\":2,\"2\":\"Manteau de laine et doublure de nylon d\u00e9tachable\"}\" data-sheets-userformat=\"{\"2\":771,\"3\":{\"1\":0},\"4\":{\"1\":2,\"2\":14275305},\"11\":4,\"12\":0}\">Wool coat with detachable nylon lining<\/span><\/p>\n","protected":false},"featured_media":16711,"comment_status":"closed","ping_status":"closed","template":"","meta":[],"product_brand":[],"product_cat":[600,604],"product_tag":[],"class_list":{"0":"post-22938","1":"product","2":"type-product","3":"status-publish","4":"has-post-thumbnail","6":"product_cat-coats-en","7":"product_cat-women-en","8":"pa_couleur-black","9":"pa_grandeur-14-years-old","11":"first","12":"instock","13":"sold-individually","14":"taxable","15":"shipping-taxable","16":"purchasable","17":"product-type-variable"},"_links":{"self":[{"href":"https:\/\/samuelfourrures.com\/en\/wp-json\/wp\/v2\/product\/22938","targetHints":{"allow":["GET"]}}],"collection":[{"href":"https:\/\/samuelfourrures.com\/en\/wp-json\/wp\/v2\/product"}],"about":[{"href":"https:\/\/samuelfourrures.com\/en\/wp-json\/wp\/v2\/types\/product"}],"replies":[{"embeddable":true,"href":"https:\/\/samuelfourrures.com\/en\/wp-json\/wp\/v2\/comments?post=22938"}],"wp:featuredmedia":[{"embeddable":true,"href":"https:\/\/samuelfourrures.com\/en\/wp-json\/wp\/v2\/media\/16711"}],"wp:attachment":[{"href":"https:\/\/samuelfourrures.com\/en\/wp-json\/wp\/v2\/media?parent=22938"}],"wp:term":[{"taxonomy":"product_brand","embeddable":true,"href":"https:\/\/samuelfourrures.com\/en\/wp-json\/wp\/v2\/product_brand?post=22938"},{"taxonomy":"product_cat","embeddable":true,"href":"https:\/\/samuelfourrures.com\/en\/wp-json\/wp\/v2\/product_cat?post=22938"},{"taxonomy":"product_tag","embeddable":true,"href":"https:\/\/samuelfourrures.com\/en\/wp-json\/wp\/v2\/product_tag?post=22938"}],"curies":[{"name":"wp","href":"https:\/\/api.w.org\/{rel}","templated":true}]}}