{"id":22965,"date":"2020-11-09T14:44:58","date_gmt":"2020-11-09T19:44:58","guid":{"rendered":"https:\/\/samuelfourrures.com\/produit\/long-coat-in-wool-and-cashmere\/"},"modified":"2024-04-06T01:26:11","modified_gmt":"2024-04-06T05:26:11","slug":"long-coat-in-wool-and-cashmere","status":"publish","type":"product","link":"https:\/\/samuelfourrures.com\/en\/produit\/long-coat-in-wool-and-cashmere\/","title":{"rendered":"Long coat in wool and cashmere"},"content":{"rendered":"<p><span data-sheets-value=\"{\"1\":2,\"2\":\"La maison Dino Gaspari offre une vaste s\u00e9lection de manteaux enti\u00e8rement dessin\u00e9s et fabriqu\u00e9s ici. Gaspari est une marque qui concoit des mod\u00e8les de qualit\u00e9, \u00e9l\u00e9gant et traditionnels, et saura r\u00e9pondre aux besoins de nos clientes. Nous sommes ravis d'encourager une entreprise d'ici, qui partage les valeurs de notre client\u00e8le. - Manteau long (48 pouces) en laine et cachemire muni d'une boutonni\u00e8re classique. Cet item est disponible en noir et camel \"}\" data-sheets-userformat=\"{\"2\":771,\"3\":{\"1\":0},\"4\":{\"1\":2,\"2\":14275305},\"11\":4,\"12\":0}\">Dino Gaspari offers a wide selection of coats entirely designed and manufactured here. Gaspari is a brand that creates quality, elegant and traditional designs that will meet the needs of our customers. We&#8217;re delighted to support a local company that shares our customers&#8217; values. &#8211; Long coat (48 inches) in wool and cashmere with classic buttonhole. This item is available in black and camel  <\/span><\/p>\n","protected":false},"excerpt":{"rendered":"<p><span data-sheets-value=\"{\"1\":2,\"2\":\"Manteau long en laine et cachemire\"}\" data-sheets-userformat=\"{\"2\":771,\"3\":{\"1\":0},\"4\":{\"1\":2,\"2\":14275305},\"11\":4,\"12\":0}\">Long coat in wool and cashmere<\/span><\/p>\n","protected":false},"featured_media":16725,"comment_status":"closed","ping_status":"closed","template":"","meta":[],"product_brand":[],"product_cat":[600,604],"product_tag":[],"class_list":{"0":"post-22965","1":"product","2":"type-product","3":"status-publish","4":"has-post-thumbnail","6":"product_cat-coats-en","7":"product_cat-women-en","8":"pa_couleur-black","9":"pa_grandeur-18-years-old","11":"first","12":"instock","13":"taxable","14":"shipping-taxable","15":"purchasable","16":"product-type-variable"},"_links":{"self":[{"href":"https:\/\/samuelfourrures.com\/en\/wp-json\/wp\/v2\/product\/22965","targetHints":{"allow":["GET"]}}],"collection":[{"href":"https:\/\/samuelfourrures.com\/en\/wp-json\/wp\/v2\/product"}],"about":[{"href":"https:\/\/samuelfourrures.com\/en\/wp-json\/wp\/v2\/types\/product"}],"replies":[{"embeddable":true,"href":"https:\/\/samuelfourrures.com\/en\/wp-json\/wp\/v2\/comments?post=22965"}],"wp:featuredmedia":[{"embeddable":true,"href":"https:\/\/samuelfourrures.com\/en\/wp-json\/wp\/v2\/media\/16725"}],"wp:attachment":[{"href":"https:\/\/samuelfourrures.com\/en\/wp-json\/wp\/v2\/media?parent=22965"}],"wp:term":[{"taxonomy":"product_brand","embeddable":true,"href":"https:\/\/samuelfourrures.com\/en\/wp-json\/wp\/v2\/product_brand?post=22965"},{"taxonomy":"product_cat","embeddable":true,"href":"https:\/\/samuelfourrures.com\/en\/wp-json\/wp\/v2\/product_cat?post=22965"},{"taxonomy":"product_tag","embeddable":true,"href":"https:\/\/samuelfourrures.com\/en\/wp-json\/wp\/v2\/product_tag?post=22965"}],"curies":[{"name":"wp","href":"https:\/\/api.w.org\/{rel}","templated":true}]}}