{"id":24605,"date":"2024-06-10T15:36:21","date_gmt":"2024-06-10T19:36:21","guid":{"rendered":"https:\/\/samuelfourrures.com\/?post_type=product&#038;p=24605"},"modified":"2024-06-10T15:36:22","modified_gmt":"2024-06-10T19:36:22","slug":"jacket-de-vison-beige-epile-avec-col-de-renard-8660","status":"publish","type":"product","link":"https:\/\/samuelfourrures.com\/en\/produit\/jacket-de-vison-beige-epile-avec-col-de-renard-8660\/","title":{"rendered":"Jacket de vison beige \u00e9pil\u00e9 avec col de renard &#8211; 8660"},"content":{"rendered":"<p>Jacket de vison beige \u00e9pil\u00e9 avec col de renard &#8211; 8660<\/p>\n<p>Gr: 6-8 ans<\/p>\n","protected":false},"excerpt":{"rendered":"<p>Jacket de vison beige \u00e9pil\u00e9 avec col de renard &#8211; 8660<\/p>\n<p>Gr: 6-8 ans<\/p>\n","protected":false},"featured_media":24608,"comment_status":"closed","ping_status":"closed","template":"","meta":[],"product_brand":[],"product_cat":[320,72,67,73],"product_tag":[],"class_list":{"0":"post-24605","1":"product","2":"type-product","3":"status-publish","4":"has-post-thumbnail","6":"product_cat-6-8-ans","7":"product_cat-femme","8":"product_cat-usages-a-vendre","9":"product_cat-vison","11":"first","12":"instock","13":"taxable","14":"shipping-taxable","15":"purchasable","16":"product-type-simple"},"_links":{"self":[{"href":"https:\/\/samuelfourrures.com\/en\/wp-json\/wp\/v2\/product\/24605","targetHints":{"allow":["GET"]}}],"collection":[{"href":"https:\/\/samuelfourrures.com\/en\/wp-json\/wp\/v2\/product"}],"about":[{"href":"https:\/\/samuelfourrures.com\/en\/wp-json\/wp\/v2\/types\/product"}],"replies":[{"embeddable":true,"href":"https:\/\/samuelfourrures.com\/en\/wp-json\/wp\/v2\/comments?post=24605"}],"wp:featuredmedia":[{"embeddable":true,"href":"https:\/\/samuelfourrures.com\/en\/wp-json\/wp\/v2\/media\/24608"}],"wp:attachment":[{"href":"https:\/\/samuelfourrures.com\/en\/wp-json\/wp\/v2\/media?parent=24605"}],"wp:term":[{"taxonomy":"product_brand","embeddable":true,"href":"https:\/\/samuelfourrures.com\/en\/wp-json\/wp\/v2\/product_brand?post=24605"},{"taxonomy":"product_cat","embeddable":true,"href":"https:\/\/samuelfourrures.com\/en\/wp-json\/wp\/v2\/product_cat?post=24605"},{"taxonomy":"product_tag","embeddable":true,"href":"https:\/\/samuelfourrures.com\/en\/wp-json\/wp\/v2\/product_tag?post=24605"}],"curies":[{"name":"wp","href":"https:\/\/api.w.org\/{rel}","templated":true}]}}