{"id":25619,"date":"2024-12-13T16:02:24","date_gmt":"2024-12-13T21:02:24","guid":{"rendered":"https:\/\/samuelfourrures.com\/?post_type=product&#038;p=25619"},"modified":"2024-12-13T16:02:25","modified_gmt":"2024-12-13T21:02:25","slug":"veste-de-vison-rase-brun-texture-8785","status":"publish","type":"product","link":"https:\/\/samuelfourrures.com\/en\/produit\/veste-de-vison-rase-brun-texture-8785\/","title":{"rendered":"Veste de vison ras\u00e9 brun textur\u00e9 &#8211; 8785"},"content":{"rendered":"<p>Veste de vison ras\u00e9 brun textur\u00e9 &#8211; 8785<\/p>\n<p>Gr: 16 ans<\/p>\n","protected":false},"excerpt":{"rendered":"<p>Veste de vison ras\u00e9 brun textur\u00e9 &#8211; 8785<\/p>\n<p>Gr: 16 ans<\/p>\n","protected":false},"featured_media":25575,"comment_status":"closed","ping_status":"closed","template":"","meta":[],"product_brand":[],"product_cat":[80,72,67,73],"product_tag":[],"class_list":{"0":"post-25619","1":"product","2":"type-product","3":"status-publish","4":"has-post-thumbnail","6":"product_cat-16-18-ans","7":"product_cat-femme","8":"product_cat-usages-a-vendre","9":"product_cat-vison","11":"first","12":"instock","13":"taxable","14":"shipping-taxable","15":"purchasable","16":"product-type-simple"},"_links":{"self":[{"href":"https:\/\/samuelfourrures.com\/en\/wp-json\/wp\/v2\/product\/25619","targetHints":{"allow":["GET"]}}],"collection":[{"href":"https:\/\/samuelfourrures.com\/en\/wp-json\/wp\/v2\/product"}],"about":[{"href":"https:\/\/samuelfourrures.com\/en\/wp-json\/wp\/v2\/types\/product"}],"replies":[{"embeddable":true,"href":"https:\/\/samuelfourrures.com\/en\/wp-json\/wp\/v2\/comments?post=25619"}],"wp:featuredmedia":[{"embeddable":true,"href":"https:\/\/samuelfourrures.com\/en\/wp-json\/wp\/v2\/media\/25575"}],"wp:attachment":[{"href":"https:\/\/samuelfourrures.com\/en\/wp-json\/wp\/v2\/media?parent=25619"}],"wp:term":[{"taxonomy":"product_brand","embeddable":true,"href":"https:\/\/samuelfourrures.com\/en\/wp-json\/wp\/v2\/product_brand?post=25619"},{"taxonomy":"product_cat","embeddable":true,"href":"https:\/\/samuelfourrures.com\/en\/wp-json\/wp\/v2\/product_cat?post=25619"},{"taxonomy":"product_tag","embeddable":true,"href":"https:\/\/samuelfourrures.com\/en\/wp-json\/wp\/v2\/product_tag?post=25619"}],"curies":[{"name":"wp","href":"https:\/\/api.w.org\/{rel}","templated":true}]}}